{"id":563,"date":"2021-11-29T16:05:37","date_gmt":"2021-11-29T16:05:37","guid":{"rendered":"http:\/\/2em.fr\/?page_id=563"},"modified":"2021-12-03T13:50:37","modified_gmt":"2021-12-03T13:50:37","slug":"bordeaux","status":"publish","type":"page","link":"https:\/\/2em.fr\/?page_id=563","title":{"rendered":"Bordeaux"},"content":{"rendered":"<div  data-label=\"Overlappable\" data-id=\"overlappable--2\" data-export-id=\"overlappable-3\" data-category=\"overlappable\" class=\"overlappable-3 content-section content-section-spacing\" data-overlap=\"true\" id=\"overlappable-2\" style=\"background-color: rgb(255, 255, 255);\"><div  class=\"gridContainer\"> <div  class=\"row bg-color-white shadow-medium\"><div  class=\"col-xs-12 col-sm-6 image-col first-image-col\" data-bg=\"image\" style=\"background-image: url(&quot;http:\/\/2em.fr\/wp-content\/uploads\/2021\/11\/cropped-BORDEAUX-Auditorium.jpg&quot;);\"><\/div> <div  class=\"col-xs-12 col-sm-6 content-col col-padding col-padding-xs\"> <div  class=\"col-padding\" data-type=\"column\"> <h4  class=\"\">Auditorium Bordeaux&nbsp;<\/h4> <p  class=\"\">Installation courants forts et courants faible \n<br >Poste de transformation<br >\nGroupe \u00e9lectrog\u00e8ne<br >\nD\u00e9tection incendie<\/p> <\/div> <\/div><\/div> <div  class=\"row bg-color-white shadow-medium\"><div  class=\"col-xs-12 col-sm-6 content-col col-padding col-padding-xs\"> <div  class=\"col-padding\" data-type=\"column\"><h4  class=\"\">\u00c9cole de cin\u00e9ma 3 IS&nbsp;<\/h4> <p  class=\"\">Installation courants forts et courants faible \n<br >Poste de transformation<br >\nD\u00e9tection incendie<\/p> <\/div> <\/div> <div  class=\"col-xs-12 col-sm-6 image-col second-image-col first-xs last-sm\" data-bg=\"image\" style=\"background-image: url(&quot;http:\/\/2em.fr\/wp-content\/uploads\/2021\/11\/cropped-cropped-BORDEAUX-ECOLE-DE-CINEMA-3IS.jpg&quot;);\"><\/div> <\/div><\/div> <\/div><div  data-label=\"Overlappable\" data-id=\"overlappable--1\" data-export-id=\"overlappable-3\" data-category=\"overlappable\" class=\"overlappable-3 content-section content-section-spacing\" data-overlap=\"true\" id=\"overlappable-1\" style=\"background-color: rgb(255, 255, 255);\"><div  class=\"gridContainer\"> <div  class=\"row bg-color-white shadow-medium\"><div  class=\"col-xs-12 col-sm-6 image-col first-image-col\" data-bg=\"image\" style=\"background-image: url(&quot;http:\/\/2em.fr\/wp-content\/uploads\/2021\/11\/cropped-BORDEAUX-CLINIQUE-BEL-AIR.jpg&quot;);\"><\/div> <div  class=\"col-xs-12 col-sm-6 content-col col-padding col-padding-xs\"> <div  class=\"col-padding\" data-type=\"column\"> <h4  class=\"\">Clinique Bel Air&nbsp;<\/h4> <p  class=\"\">Installation courants forts et courants faible \n<br >Poste de transformation<br >\nGroupe \u00e9lectrog\u00e8ne<br >\nD\u00e9tection incendie<\/p> <\/div> <\/div><\/div> <div  class=\"row bg-color-white shadow-medium\"><div  class=\"col-xs-12 col-sm-6 content-col col-padding col-padding-xs\"> <div  class=\"col-padding\" data-type=\"column\"><h4  class=\"\">A venir&nbsp;<\/h4> <p  class=\"\"><\/p> <\/div> <\/div> <div  class=\"col-xs-12 col-sm-6 image-col second-image-col first-xs last-sm\" data-bg=\"image\" style=\"background-image: url(&quot;http:\/\/2em.fr\/wp-content\/uploads\/2021\/11\/cropped-eemback.jpg&quot;);\"><\/div> <\/div><\/div> <\/div>","protected":false},"excerpt":{"rendered":"<p>Auditorium Bordeaux&nbsp; Installation courants forts et courants faible Poste de transformation Groupe \u00e9lectrog\u00e8ne D\u00e9tection incendie \u00c9cole de cin\u00e9ma 3 IS&nbsp; Installation courants forts et courants faible Poste de transformation D\u00e9tection incendie Clinique Bel Air&nbsp; Installation courants forts et courants faible Poste de transformation Groupe \u00e9lectrog\u00e8ne D\u00e9tection incendie A venir&nbsp;<\/p>\n","protected":false},"author":1,"featured_media":0,"parent":0,"menu_order":0,"comment_status":"closed","ping_status":"closed","template":"pro\/page-templates\/full-width-page.php","meta":[],"_links":{"self":[{"href":"https:\/\/2em.fr\/index.php?rest_route=\/wp\/v2\/pages\/563"}],"collection":[{"href":"https:\/\/2em.fr\/index.php?rest_route=\/wp\/v2\/pages"}],"about":[{"href":"https:\/\/2em.fr\/index.php?rest_route=\/wp\/v2\/types\/page"}],"author":[{"embeddable":true,"href":"https:\/\/2em.fr\/index.php?rest_route=\/wp\/v2\/users\/1"}],"replies":[{"embeddable":true,"href":"https:\/\/2em.fr\/index.php?rest_route=%2Fwp%2Fv2%2Fcomments&post=563"}],"version-history":[{"count":8,"href":"https:\/\/2em.fr\/index.php?rest_route=\/wp\/v2\/pages\/563\/revisions"}],"predecessor-version":[{"id":645,"href":"https:\/\/2em.fr\/index.php?rest_route=\/wp\/v2\/pages\/563\/revisions\/645"}],"wp:attachment":[{"href":"https:\/\/2em.fr\/index.php?rest_route=%2Fwp%2Fv2%2Fmedia&parent=563"}],"curies":[{"name":"wp","href":"https:\/\/api.w.org\/{rel}","templated":true}]}}