{"id":551,"date":"2021-11-29T15:52:19","date_gmt":"2021-11-29T15:52:19","guid":{"rendered":"http:\/\/2em.fr\/?page_id=551"},"modified":"2021-12-03T13:39:45","modified_gmt":"2021-12-03T13:39:45","slug":"realisation-martinique","status":"publish","type":"page","link":"https:\/\/2em.fr\/?page_id=551","title":{"rendered":"Martinique"},"content":{"rendered":"<div  data-label=\"Overlappable\" data-id=\"overlappable--1\" data-export-id=\"overlappable-3\" data-category=\"overlappable\" class=\"overlappable-3 content-section content-section-spacing\" data-overlap=\"true\" id=\"overlappable-1\" style=\"background-color: rgb(255, 255, 255);\"><div  class=\"gridContainer\"> <div  class=\"row bg-color-white shadow-medium\"><div  class=\"col-xs-12 col-sm-6 image-col first-image-col\" data-bg=\"image\" style=\"background-image: url(&quot;http:\/\/2em.fr\/wp-content\/uploads\/2021\/11\/clement.png&quot;);\"><\/div> <div  class=\"col-xs-12 col-sm-6 content-col col-padding col-padding-xs\"> <div  class=\"col-padding\" data-type=\"column\"> <h4  class=\"\">Mus\u00e9e Habitation Cl\u00e9ment&nbsp;<\/h4> <p  class=\"\">&nbsp;<br >Installation courants forts et courants faible \n<br >D\u00e9tection incendie<br >\nPoste de transformation<\/p> <\/div> <\/div><\/div> <div  class=\"row bg-color-white shadow-medium\"><div  class=\"col-xs-12 col-sm-6 content-col col-padding col-padding-xs\"> <div  class=\"col-padding\" data-type=\"column\"><h4  class=\"\">Cour d&rsquo;appel de Fort de France&nbsp;<\/h4> <p  class=\"\">Installation courants forts et courants faible\n<br >D\u00e9tection incendie<br >\nVid\u00e9osurveillance<br >\nContr\u00f4le d&rsquo;acc\u00e8s<br >\nPoste de transformation \n<br >Groupe \u00e9lectrog\u00e8ne de s\u00e9curit\u00e9<\/p> <\/div> <\/div> <div  class=\"col-xs-12 col-sm-6 image-col second-image-col first-xs last-sm\" data-bg=\"image\" style=\"background-image: url(&quot;http:\/\/2em.fr\/wp-content\/uploads\/2021\/11\/cropped-courappel.png&quot;);\"><\/div> <\/div><\/div> <\/div><div  data-label=\"Overlappable\" data-id=\"overlappable--2\" data-export-id=\"overlappable-3\" data-category=\"overlappable\" class=\"overlappable-3 content-section content-section-spacing\" data-overlap=\"true\" id=\"overlappable-2\" style=\"background-color: rgb(255, 255, 255);\"><div  class=\"gridContainer\"> <div  class=\"row bg-color-white shadow-medium\"><div  class=\"col-xs-12 col-sm-6 image-col first-image-col\" data-bg=\"image\" style=\"background-image: url(&quot;http:\/\/2em.fr\/wp-content\/uploads\/2021\/11\/MARTINIQUE-THIRIET-DU-FRANCOIS.jpg&quot;);\"><\/div> <div  class=\"col-xs-12 col-sm-6 content-col col-padding col-padding-xs\"> <div  class=\"col-padding\" data-type=\"column\"> <h4  class=\"\">Thiriet&nbsp;<\/h4> <p  class=\"\">Installation courants forts et courants faible \n<br >Entretien climatisation<\/p> <\/div> <\/div><\/div> <div  class=\"row bg-color-white shadow-medium\"><div  class=\"col-xs-12 col-sm-6 content-col col-padding col-padding-xs\"> <div  class=\"col-padding\" data-type=\"column\"><h4  class=\"\">P\u00f4le Universitaire de Sant\u00e9&nbsp;<\/h4> <p  class=\"\">Installation courants forts et courants faible \n<br >D\u00e9tection incendie<br >\nVid\u00e9osurveillance<br >\nPoste de transformation<br >\nGroupe \u00e9lectrog\u00e8ne de s\u00e9curit\u00e9<\/p> <\/div> <\/div> <div  class=\"col-xs-12 col-sm-6 image-col second-image-col first-xs last-sm\" data-bg=\"image\" style=\"background-image: url(&quot;http:\/\/2em.fr\/wp-content\/uploads\/2021\/11\/cropped-cropped-MARTINIQUE-POLE-UNIVERSITAIRE-DE-SANTE-1.jpg&quot;);\"><\/div> <\/div><\/div> <\/div>","protected":false},"excerpt":{"rendered":"<p>Mus\u00e9e Habitation Cl\u00e9ment&nbsp; &nbsp;Installation courants forts et courants faible D\u00e9tection incendie Poste de transformation Cour d&rsquo;appel de Fort de France&nbsp; Installation courants forts et courants faible D\u00e9tection incendie Vid\u00e9osurveillance Contr\u00f4le d&rsquo;acc\u00e8s Poste de transformation Groupe \u00e9lectrog\u00e8ne de s\u00e9curit\u00e9 Thiriet&nbsp; Installation courants forts et courants faible Entretien climatisation P\u00f4le Universitaire de Sant\u00e9&nbsp; Installation courants forts et&hellip; <br \/> <a class=\"read-more\" href=\"https:\/\/2em.fr\/?page_id=551\">Read more<\/a><\/p>\n","protected":false},"author":1,"featured_media":0,"parent":0,"menu_order":0,"comment_status":"closed","ping_status":"closed","template":"pro\/page-templates\/full-width-page.php","meta":[],"_links":{"self":[{"href":"https:\/\/2em.fr\/index.php?rest_route=\/wp\/v2\/pages\/551"}],"collection":[{"href":"https:\/\/2em.fr\/index.php?rest_route=\/wp\/v2\/pages"}],"about":[{"href":"https:\/\/2em.fr\/index.php?rest_route=\/wp\/v2\/types\/page"}],"author":[{"embeddable":true,"href":"https:\/\/2em.fr\/index.php?rest_route=\/wp\/v2\/users\/1"}],"replies":[{"embeddable":true,"href":"https:\/\/2em.fr\/index.php?rest_route=%2Fwp%2Fv2%2Fcomments&post=551"}],"version-history":[{"count":10,"href":"https:\/\/2em.fr\/index.php?rest_route=\/wp\/v2\/pages\/551\/revisions"}],"predecessor-version":[{"id":636,"href":"https:\/\/2em.fr\/index.php?rest_route=\/wp\/v2\/pages\/551\/revisions\/636"}],"wp:attachment":[{"href":"https:\/\/2em.fr\/index.php?rest_route=%2Fwp%2Fv2%2Fmedia&parent=551"}],"curies":[{"name":"wp","href":"https:\/\/api.w.org\/{rel}","templated":true}]}}