{"id":559,"date":"2021-11-29T16:00:06","date_gmt":"2021-11-29T16:00:06","guid":{"rendered":"http:\/\/2em.fr\/?page_id=559"},"modified":"2021-12-03T13:46:17","modified_gmt":"2021-12-03T13:46:17","slug":"guyane","status":"publish","type":"page","link":"http:\/\/2em.fr\/?page_id=559","title":{"rendered":"Guyane"},"content":{"rendered":"<div  data-label=\"Overlappable\" data-id=\"overlappable--2\" data-export-id=\"overlappable-3\" data-category=\"overlappable\" class=\"overlappable-3 content-section content-section-spacing\" data-overlap=\"true\" id=\"overlappable-2\" style=\"background-color: rgb(255, 255, 255);\"><div  class=\"gridContainer\"> <div  class=\"row bg-color-white shadow-medium\"><div  class=\"col-xs-12 col-sm-6 image-col first-image-col\" data-bg=\"image\" style=\"background-image: url(&quot;http:\/\/2em.fr\/wp-content\/uploads\/2021\/12\/cropped-cropped-GUYANE-CINEMA-AGORA-FAMILY-PLAZA.jpg&quot;);\"><\/div> <div  class=\"col-xs-12 col-sm-6 content-col col-padding col-padding-xs\"> <div  class=\"col-padding\" data-type=\"column\"> <h4  class=\"\">Agora, Family Plaza&nbsp;<\/h4> <p  class=\"\">Installation courants forts et courants faible<br >\nD\u00e9tection incendie<\/p> <\/div> <\/div><\/div> <div  class=\"row bg-color-white shadow-medium\"><div  class=\"col-xs-12 col-sm-6 content-col col-padding col-padding-xs\"> <div  class=\"col-padding\" data-type=\"column\"><h4  class=\"\">Maison du Bois et de la For\u00eat&nbsp;<\/h4> <p  class=\"\">Installation courants forts et courants faible \n<br >Poste de transformation<br >\nD\u00e9tection incendie<\/p> <\/div> <\/div> <div  class=\"col-xs-12 col-sm-6 image-col second-image-col first-xs last-sm\" data-bg=\"image\" style=\"background-image: url(&quot;http:\/\/2em.fr\/wp-content\/uploads\/2021\/11\/cropped-GUYANE-MAISON-DU-BOIS-ET-DE-LA-FORET.jpg&quot;);\"><\/div> <\/div><\/div> <\/div><div  data-label=\"Overlappable\" data-id=\"overlappable--1\" data-export-id=\"overlappable-3\" data-category=\"overlappable\" class=\"overlappable-3 content-section content-section-spacing\" data-overlap=\"true\" id=\"overlappable-1\" style=\"background-color: rgb(255, 255, 255);\"><div  class=\"gridContainer\"> <div  class=\"row bg-color-white shadow-medium\"><div  class=\"col-xs-12 col-sm-6 image-col first-image-col\" data-bg=\"image\" style=\"background-image: url(&quot;http:\/\/2em.fr\/wp-content\/uploads\/2021\/12\/GUYANE-POLE-MERE-ET-ENFANTS-HOPITAL-CAYENNE.jpg&quot;);\"><\/div> <div  class=\"col-xs-12 col-sm-6 content-col col-padding col-padding-xs\"> <div  class=\"col-padding\" data-type=\"column\"> <h4  class=\"\">Centre Hospitalier P\u00f4le M\u00e8re et Enfants&nbsp;<\/h4> <p  class=\"\">Installation courants forts et courants faible \n<br >Poste de transformation<\/p> <\/div> <\/div><\/div> <div  class=\"row bg-color-white shadow-medium\"><div  class=\"col-xs-12 col-sm-6 content-col col-padding col-padding-xs\"> <div  class=\"col-padding\" data-type=\"column\"><h4  class=\"\">A venir&nbsp;<\/h4> <p  class=\"\"><br ><\/p> <\/div> <\/div> <div  class=\"col-xs-12 col-sm-6 image-col second-image-col first-xs last-sm\" data-bg=\"image\" style=\"background-image: url(&quot;http:\/\/2em.fr\/wp-content\/uploads\/2021\/11\/cropped-ellery-sterling-3HBAzrREG90-unsplash-scaled-1-e1637951326825.jpg&quot;);\"><\/div> <\/div><\/div> <\/div>","protected":false},"excerpt":{"rendered":"<p>Agora, Family Plaza&nbsp; Installation courants forts et courants faible D\u00e9tection incendie Maison du Bois et de la For\u00eat&nbsp; Installation courants forts et courants faible Poste de transformation D\u00e9tection incendie Centre Hospitalier P\u00f4le M\u00e8re et Enfants&nbsp; Installation courants forts et courants faible Poste de transformation A venir&nbsp;<\/p>\n","protected":false},"author":1,"featured_media":0,"parent":0,"menu_order":0,"comment_status":"closed","ping_status":"closed","template":"pro\/page-templates\/full-width-page.php","meta":[],"_links":{"self":[{"href":"http:\/\/2em.fr\/index.php?rest_route=\/wp\/v2\/pages\/559"}],"collection":[{"href":"http:\/\/2em.fr\/index.php?rest_route=\/wp\/v2\/pages"}],"about":[{"href":"http:\/\/2em.fr\/index.php?rest_route=\/wp\/v2\/types\/page"}],"author":[{"embeddable":true,"href":"http:\/\/2em.fr\/index.php?rest_route=\/wp\/v2\/users\/1"}],"replies":[{"embeddable":true,"href":"http:\/\/2em.fr\/index.php?rest_route=%2Fwp%2Fv2%2Fcomments&post=559"}],"version-history":[{"count":7,"href":"http:\/\/2em.fr\/index.php?rest_route=\/wp\/v2\/pages\/559\/revisions"}],"predecessor-version":[{"id":641,"href":"http:\/\/2em.fr\/index.php?rest_route=\/wp\/v2\/pages\/559\/revisions\/641"}],"wp:attachment":[{"href":"http:\/\/2em.fr\/index.php?rest_route=%2Fwp%2Fv2%2Fmedia&parent=559"}],"curies":[{"name":"wp","href":"https:\/\/api.w.org\/{rel}","templated":true}]}}