{"id":192,"date":"2017-11-10T14:08:51","date_gmt":"2017-11-10T14:08:51","guid":{"rendered":"http:\/\/tag_link_site_url\/mesmerize\/"},"modified":"2021-12-01T19:41:22","modified_gmt":"2021-12-01T19:41:22","slug":"mesmerize","status":"publish","type":"page","link":"http:\/\/2em.fr\/","title":{"rendered":"HOME"},"content":{"rendered":"<div  data-label=\"Overlappable\" data-id=\"overlappable--3\" data-export-id=\"overlappable-5\" data-category=\"overlappable\" class=\"overlappable-5 content-section content-section-spacing\" data-overlap=\"true\" id=\"overlappable-3\" style=\"background-color: rgb(255, 255, 255);\"><div  class=\"gridContainer\"> <div  data-type=\"row\" class=\"row shadow-medium bg-color-white\">   <div  class=\"col-xs-12 col-sm-4 col-padding col-padding-xs bg-color-white col-md-2\"> <div  class=\"row middle-sm\"><div  class=\"col-xs-12 col-sm-fit icon-column\" data-preview-empty=\"1\"> <\/div> <div  data-type=\"column\" class=\"col-xs-12 col-sm v-spacing\"><a data-cp-link=\"1\" href=\"#\" class=\"\" target=\"_self\" rel=\"noopener\"><img decoding=\"async\"  class=\"custom-image\" src=\"http:\/\/2em.fr\/wp-content\/uploads\/2021\/11\/logo_seul_50.png\" title=\"logo2\" alt=\"\"><\/a><h4  class=\"\">\u00c9lectricit\u00e9<\/h4><\/div> <\/div> <div  class=\"row\"> <div  class=\"col-xs-12 col-sm-12\" data-type=\"column\">  <\/div> <\/div><\/div><div  class=\"col-xs-12 col-sm-4 col-padding col-padding-xs bg-color-white col-md-2\"> <div  class=\"row middle-sm\"><div  class=\"col-xs-12 col-sm-fit icon-column\" data-preview-empty=\"1\"> <\/div> <div  data-type=\"column\" class=\"col-xs-12 col-sm v-spacing\"><img decoding=\"async\"  class=\"custom-image\" src=\"http:\/\/2em.fr\/wp-content\/uploads\/2021\/11\/logo_seul_50.png\" title=\"logo_seul_50\" alt=\"\"><h4  class=\"\" style=\"text-align: center;\">Incendie&nbsp;<\/h4><\/div> <\/div> <div  class=\"row\"> <div  class=\"col-xs-12 col-sm-12\" data-type=\"column\">  <\/div> <\/div><\/div><div  class=\"col-xs-12 col-sm-4 col-padding col-padding-xs bg-color-white col-md-2\"><div  class=\"row middle-sm\"> <div  class=\"col-xs-12 col-sm-fit icon-column\" data-preview-empty=\"1\"><\/div> <div  data-type=\"column\" class=\"col-xs-12 col-sm v-spacing\"><img decoding=\"async\"  class=\"custom-image\" src=\"http:\/\/2em.fr\/wp-content\/uploads\/2021\/11\/logo_seul_50.png\" title=\"logo_seul_50\" alt=\"\"><h4  class=\"\" style=\"text-align: center;\">S\u00e9curit\u00e9<\/h4><\/div> <\/div> <div  class=\"row\"> <div  class=\"col-xs-12 col-sm-12\" data-type=\"column\">  <\/div> <\/div><\/div><div  class=\"col-xs-12 col-sm-4 col-padding col-padding-xs bg-color-white col-md-2\"><div  class=\"row middle-sm\"> <div  class=\"col-xs-12 col-sm-fit icon-column\" data-preview-empty=\"1\"><\/div> <div  data-type=\"column\" class=\"col-xs-12 col-sm v-spacing\"><img decoding=\"async\"  class=\"custom-image\" src=\"http:\/\/2em.fr\/wp-content\/uploads\/2021\/11\/logo_seul_50.png\" title=\"logo_seul_50\" alt=\"\"><h4  class=\"\" style=\"text-align: center;\">Clim<\/h4><\/div> <\/div> <div  class=\"row\"> <div  class=\"col-xs-12 col-sm-12\" data-type=\"column\">  <\/div> <\/div><\/div><div  class=\"col-xs-12 col-sm-4 col-padding col-padding-xs bg-color-white col-md-2\"><div  class=\"row middle-sm\"> <div  class=\"col-xs-12 col-sm-fit icon-column\" data-preview-empty=\"1\"><\/div> <div  data-type=\"column\" class=\"col-xs-12 col-sm v-spacing\"><a data-cp-link=\"1\" href=\"#\" class=\"\" target=\"_self\" rel=\"noopener\"><img decoding=\"async\"  class=\"custom-image\" src=\"http:\/\/2em.fr\/wp-content\/uploads\/2021\/11\/logo_seul_50.png\" title=\"logo2\" alt=\"\"><\/a><h4  class=\"\">Maintenance<\/h4><\/div> <\/div> <div  class=\"row\"> <div  class=\"col-xs-12 col-sm-12\" data-type=\"column\">  <\/div> <\/div><\/div><div  class=\"col-xs-12 col-sm-4 col-padding col-padding-xs bg-color-white col-md-2\"> <div  class=\"row middle-sm\"><div  class=\"col-xs-12 col-sm-fit icon-column\" data-preview-empty=\"1\"> <\/div> <div  data-type=\"column\" class=\"col-xs-12 col-sm v-spacing\"><img decoding=\"async\"  class=\"custom-image\" src=\"http:\/\/2em.fr\/wp-content\/uploads\/2021\/11\/logo_seul_50.png\" title=\"logo_seul_50\" alt=\"\"><h4  class=\"\" style=\"text-align: center;\">&nbsp;IRVE<\/h4><\/div> <\/div> <div  class=\"row\"> <div  class=\"col-xs-12 col-sm-12\" data-type=\"column\">  <\/div> <\/div><\/div><\/div><\/div> <\/div><div  data-label=\"Overlappable\" data-id=\"overlappable--1\" data-export-id=\"overlappable-6\" data-category=\"overlappable\" class=\"overlappable-6 content-section content-section-spacing\" data-overlap=\"true\" id=\"overlappable-1\" style=\"background-color: rgb(0, 0, 0); background-image: none;\"><div  class=\"gridContainer\"> <div  data-type=\"row\" class=\"row shadow-medium content-center-sm\"> <div  class=\"col-xs-12 col-sm-4 col-padding-small col-padding-small-xs white-text col-md-3 bg-color-black\"><div  class=\"row middle-xs\"> <div  class=\"col-xs-12 col-sm-fit space-bottom-small-xs\" data-preview-empty=\"1\"><\/div> <div  data-type=\"column\" class=\"col-xs-12 col-sm\"> <h3  class=\"\" style=\"text-align: left;\">Martinique<\/h3><\/div> <\/div><\/div> <div  class=\"col-xs-12 col-sm-4 col-padding-small col-padding-small-xs white-text col-md-3 bg-color-black\"><div  class=\"row middle-xs\"> <div  class=\"col-xs-12 col-sm-fit space-bottom-small-xs\" data-preview-empty=\"1\"><\/div> <div  data-type=\"column\" class=\"col-xs-12 col-sm\"> <h3  class=\"\" style=\"text-align: left;\">Guadeloupe<\/h3><\/div> <\/div><\/div> <div  class=\"col-xs-12 col-sm-4 col-padding-small col-padding-small-xs white-text col-md-3 bg-color-black\"> <div  class=\"row middle-xs\"><div  class=\"col-xs-12 col-sm-fit space-bottom-small-xs\" data-preview-empty=\"1\"> <\/div> <div  data-type=\"column\" class=\"col-xs-12 col-sm\"> <h3  class=\"\" style=\"text-align: left;\">Guyane&nbsp;<\/h3><\/div> <\/div><\/div><div  class=\"col-xs-12 col-sm-4 col-padding-small col-padding-small-xs white-text col-md-3 bg-color-black\"><div  class=\"row middle-xs\"> <div  class=\"col-xs-12 col-sm-fit space-bottom-small-xs\" data-preview-empty=\"1\"><\/div> <div  data-type=\"column\" class=\"col-xs-12 col-sm\"> <h3  class=\"\" style=\"text-align: left;\">Aquitaine<\/h3><\/div> <\/div><\/div><\/div><\/div> <\/div>","protected":false},"excerpt":{"rendered":"<p>\u00c9lectricit\u00e9 Incendie&nbsp; S\u00e9curit\u00e9 Clim Maintenance &nbsp;IRVE Martinique Guadeloupe Guyane&nbsp; Aquitaine<\/p>\n","protected":false},"author":1,"featured_media":0,"parent":0,"menu_order":0,"comment_status":"closed","ping_status":"closed","template":"page-templates\/homepage.php","meta":[],"_links":{"self":[{"href":"http:\/\/2em.fr\/index.php?rest_route=\/wp\/v2\/pages\/192"}],"collection":[{"href":"http:\/\/2em.fr\/index.php?rest_route=\/wp\/v2\/pages"}],"about":[{"href":"http:\/\/2em.fr\/index.php?rest_route=\/wp\/v2\/types\/page"}],"author":[{"embeddable":true,"href":"http:\/\/2em.fr\/index.php?rest_route=\/wp\/v2\/users\/1"}],"replies":[{"embeddable":true,"href":"http:\/\/2em.fr\/index.php?rest_route=%2Fwp%2Fv2%2Fcomments&post=192"}],"version-history":[{"count":26,"href":"http:\/\/2em.fr\/index.php?rest_route=\/wp\/v2\/pages\/192\/revisions"}],"predecessor-version":[{"id":548,"href":"http:\/\/2em.fr\/index.php?rest_route=\/wp\/v2\/pages\/192\/revisions\/548"}],"wp:attachment":[{"href":"http:\/\/2em.fr\/index.php?rest_route=%2Fwp%2Fv2%2Fmedia&parent=192"}],"curies":[{"name":"wp","href":"https:\/\/api.w.org\/{rel}","templated":true}]}}