{"id":105,"date":"2018-04-26T10:54:47","date_gmt":"2018-04-26T10:54:47","guid":{"rendered":"http:\/\/advertisingsel.selena-work.cloud-press.net\/?page_id=105"},"modified":"2021-11-26T20:42:55","modified_gmt":"2021-11-26T20:42:55","slug":"metiers","status":"publish","type":"page","link":"http:\/\/2em.fr\/?page_id=105","title":{"rendered":"M&Eacute;TIERS"},"content":{"rendered":"<div  data-label=\"Features\" data-id=\"features--1\" data-export-id=\"features-13\" data-category=\"features\" class=\"features-13 content-section content-section-spacing\" id=\"features-1\" style=\"background-color: rgb(255, 255, 255);\"><div  class=\"gridContainer\"> <div  class=\"row text-center\"><div  class=\"section-title-col\" data-type=\"column\"> <h2  class=\"\">Nos m\u00e9tiers<\/h2> <\/div> <\/div> <div  class=\"row spaced-cols\" data-type=\"row\"> <div  class=\"col col-sm-6 space-bottom col-md-2\"> <i  class=\"fa icon fa-plug bordered round big color1\"><\/i> <h4  class=\"\"><span style=\"font-weight: 700;\" >\u00c9lectricite<\/span>\n<br ><span style=\"font-weight: 400;\" >Courants forts &amp; faibles<\/span><\/h4> <p  class=\"\">&#8211; \u00c9clairage<br >&#8211; Appareillage<br >&#8211; Poste transformation HT\/BT<br >&#8211; Pr\u00e9c\u00e2blage informatique\n<br >&#8211; &nbsp;Onduleurs\n<br >&#8211; Alarme intrusion<br >&#8211; Contr\u00f4le d\u2019acc\u00e8s<br >&#8211; Barri\u00e8re levante\n<br >&#8211; Alarme incendie<br >&#8211; Appel malade<br >&#8211; &nbsp;G.T.B.<\/p> <\/div> <div  class=\"col col-sm-6 space-bottom col-md-2\"><i  class=\"fa icon fa-fire-extinguisher bordered round big color1\"><\/i> <h4  class=\"\">Incendie\n<br ><span style=\"font-weight: 400;\" >Installation &amp; maintenance<\/span><\/h4> <p  class=\"\">&#8211; Partenaire ESSER Antilles Guyane<br >&#8211; ECS &amp; CMSI<br >&#8211; &nbsp;Extinction automatique<br >&#8211; Extincteurs<br >&#8211; Signalt\u00e9tique<br >&#8211; Formation<\/p> <\/div> <div  class=\"col col-sm-6 space-bottom col-md-2\"><i  class=\"fa icon fa-video-camera bordered round big color1\"><\/i> <h4  class=\"\">S\u00e9curit\u00e9\n<br ><span style=\"font-weight: 400;\" >Installation &amp; maintenance<\/span><\/h4> <p  class=\"\">-Vid\u00e9osurveillance<br >&#8211; Alarme intrusion<br >&#8211; Contr\u00f4le d\u2019acc\u00e8s<br >&#8211; Barri\u00e8re levante<br >&#8211; Signal\u00e9tique<br >&#8211; Appel malade<br >&#8211; Portique de &nbsp;d\u00e9tection<br >&#8211; Couloirs d\u2019acc\u00e8s<\/p> <\/div> <div  class=\"col col-sm-6 space-bottom col-md-2\"><i  class=\"fa icon fa-snowflake-o bordered round big color1\"><\/i> <h4  class=\"\">Climatisation\n<br ><span style=\"font-weight: 400;\" >Installation &amp; maintenance<\/span><\/h4> <p  class=\"\">&#8211; Split system<br >&#8211; Multisplit<br >&#8211; VRV<br >&#8211; CTA<br >&#8211; VMC<br >&#8211; Hotte d\u2019extraction<br >&#8211; Rideaux d\u2019air &amp;<br >d\u00e9shumidificateur<\/p> <\/div> <div  class=\"col col-sm-6 space-bottom col-md-2\"> <i  class=\"fa icon fa-wrench bordered round big color1\"><\/i> <h4  class=\"\">Maintenance<br >petits travaux&nbsp;\n<br ><\/h4> <p  class=\"\" style=\"text-align: left;\">&#8211; Eclairage<br >&#8211; Appareillage<br >&#8211; Poste transformation HT\/BT<br >&#8211; Pr\u00e9c\u00e2blage informatique<br >&#8211; Onduleurs<br >&#8211; Alarme intrusion<br >&#8211; Contr\u00f4le d\u2019acc\u00e8s<br >&#8211; Barri\u00e8re levante<br >&#8211; Alarme incendie<br ><span style=\"font-weight: 400;\" >&nbsp;Vid\u00e9osurveillance<\/span><br >&#8211; Appel malade<br >&#8211; G.T.B.<\/p> <\/div><div  class=\"col col-sm-6 space-bottom col-md-2\"> <i  class=\"fa icon fa-car bordered round big color1\"><\/i> <h4  class=\"\">IRVE<br >Borne de recharge v\u00e9hicule<\/h4> <p  class=\"\">&#8211; Borne 2,3kW a 22kW<br >&#8211; Prise renforc\u00e9e<\/p> <\/div><\/div><\/div> <\/div>","protected":false},"excerpt":{"rendered":"<p>Nos m\u00e9tiers \u00c9lectricite Courants forts &amp; faibles &#8211; \u00c9clairage&#8211; Appareillage&#8211; Poste transformation HT\/BT&#8211; Pr\u00e9c\u00e2blage informatique &#8211; &nbsp;Onduleurs &#8211; Alarme intrusion&#8211; Contr\u00f4le d\u2019acc\u00e8s&#8211; Barri\u00e8re levante &#8211; Alarme incendie&#8211; Appel malade&#8211; &nbsp;G.T.B. Incendie Installation &amp; maintenance &#8211; Partenaire ESSER Antilles Guyane&#8211; ECS &amp; CMSI&#8211; &nbsp;Extinction automatique&#8211; Extincteurs&#8211; Signalt\u00e9tique&#8211; Formation S\u00e9curit\u00e9 Installation &amp; maintenance -Vid\u00e9osurveillance&#8211; Alarme intrusion&#8211; Contr\u00f4le&hellip; <br \/> <a class=\"read-more\" href=\"http:\/\/2em.fr\/?page_id=105\">Read more<\/a><\/p>\n","protected":false},"author":1,"featured_media":0,"parent":0,"menu_order":0,"comment_status":"closed","ping_status":"closed","template":"pro\/page-templates\/full-width-page.php","meta":[],"_links":{"self":[{"href":"http:\/\/2em.fr\/index.php?rest_route=\/wp\/v2\/pages\/105"}],"collection":[{"href":"http:\/\/2em.fr\/index.php?rest_route=\/wp\/v2\/pages"}],"about":[{"href":"http:\/\/2em.fr\/index.php?rest_route=\/wp\/v2\/types\/page"}],"author":[{"embeddable":true,"href":"http:\/\/2em.fr\/index.php?rest_route=\/wp\/v2\/users\/1"}],"replies":[{"embeddable":true,"href":"http:\/\/2em.fr\/index.php?rest_route=%2Fwp%2Fv2%2Fcomments&post=105"}],"version-history":[{"count":8,"href":"http:\/\/2em.fr\/index.php?rest_route=\/wp\/v2\/pages\/105\/revisions"}],"predecessor-version":[{"id":485,"href":"http:\/\/2em.fr\/index.php?rest_route=\/wp\/v2\/pages\/105\/revisions\/485"}],"wp:attachment":[{"href":"http:\/\/2em.fr\/index.php?rest_route=%2Fwp%2Fv2%2Fmedia&parent=105"}],"curies":[{"name":"wp","href":"https:\/\/api.w.org\/{rel}","templated":true}]}}